{"id":437,"date":"2023-01-26T09:49:20","date_gmt":"2023-01-26T09:49:20","guid":{"rendered":"https:\/\/hrengineeringsolution.co.mz\/?page_id=437"},"modified":"2023-01-28T10:10:06","modified_gmt":"2023-01-28T10:10:06","slug":"infraestrutura-ferroviaria-e-material-rodante","status":"publish","type":"page","link":"https:\/\/hrengineeringsolution.co.mz\/?page_id=437","title":{"rendered":"Infraestrutura Ferrovi\u00e1ria e Material Rodante"},"content":{"rendered":"\t\t<div data-elementor-type=\"wp-page\" data-elementor-id=\"437\" class=\"elementor elementor-437\">\n\t\t\t\t\t\t<section class=\"elementor-section elementor-top-section elementor-element elementor-element-8159219 elementor-section-boxed elementor-section-height-default elementor-section-height-default\" data-id=\"8159219\" data-element_type=\"section\" data-e-type=\"section\">\n\t\t\t\t\t\t<div class=\"elementor-container elementor-column-gap-default\">\n\t\t\t\t\t<div class=\"elementor-column elementor-col-50 elementor-top-column elementor-element elementor-element-9ca4050\" data-id=\"9ca4050\" data-element_type=\"column\" data-e-type=\"column\">\n\t\t\t<div class=\"elementor-widget-wrap elementor-element-populated\">\n\t\t\t\t\t\t<div class=\"elementor-element elementor-element-7388fb5 elementor-widget elementor-widget-heading\" data-id=\"7388fb5\" data-element_type=\"widget\" data-e-type=\"widget\" data-widget_type=\"heading.default\">\n\t\t\t\t<div class=\"elementor-widget-container\">\n\t\t\t\t\t<h2 class=\"elementor-heading-title elementor-size-default\">Infraestrutura Ferrovi\u00e1ria e Material Rodante\n<\/h2>\t\t\t\t<\/div>\n\t\t\t\t<\/div>\n\t\t\t\t<div class=\"elementor-element elementor-element-dd003ee elementor-widget elementor-widget-image\" data-id=\"dd003ee\" data-element_type=\"widget\" data-e-type=\"widget\" data-widget_type=\"image.default\">\n\t\t\t\t<div class=\"elementor-widget-container\">\n\t\t\t\t\t\t\t\t\t\t\t\t\t\t\t<img fetchpriority=\"high\" decoding=\"async\" width=\"525\" height=\"350\" src=\"https:\/\/hrengineeringsolution.co.mz\/wp-content\/uploads\/2023\/01\/infra.jpg\" class=\"attachment-large size-large wp-image-357\" alt=\"\" srcset=\"https:\/\/hrengineeringsolution.co.mz\/wp-content\/uploads\/2023\/01\/infra.jpg 600w, https:\/\/hrengineeringsolution.co.mz\/wp-content\/uploads\/2023\/01\/infra-300x200.jpg 300w\" sizes=\"(max-width: 525px) 100vw, 525px\" \/>\t\t\t\t\t\t\t\t\t\t\t\t\t\t\t<\/div>\n\t\t\t\t<\/div>\n\t\t\t\t\t<\/div>\n\t\t<\/div>\n\t\t\t\t<div class=\"elementor-column elementor-col-50 elementor-top-column elementor-element elementor-element-e0e7cbe\" data-id=\"e0e7cbe\" data-element_type=\"column\" data-e-type=\"column\">\n\t\t\t<div class=\"elementor-widget-wrap elementor-element-populated\">\n\t\t\t\t\t\t<div class=\"elementor-element elementor-element-ea348b5 elementor-widget elementor-widget-text-editor\" data-id=\"ea348b5\" data-element_type=\"widget\" data-e-type=\"widget\" data-widget_type=\"text-editor.default\">\n\t\t\t\t<div class=\"elementor-widget-container\">\n\t\t\t\t\t\t\t\t\t\n<p style=\"text-align: justify;\"><span style=\"color: #000000;\">Atender \u00e0s necessidades de infraestrutura envelhecidas e ao mesmo tempo continuar a movimentar a carga com efici\u00eancia representa um desafio global. Em todo o mundo, as ferrovias continuam a servir como a principal solu\u00e7\u00e3o para um transporte eficaz. As prioridades da ind\u00fastria de hoje tornaram-se ainda mais sintonizadas com a maximiza\u00e7\u00e3o da produtividade e disponibilidade. Por meio de moderniza\u00e7\u00f5es de frotas, melhorias na estrutura de trilhos e avan\u00e7os tecnol\u00f3gicos do setor, como prote\u00e7\u00e3o de ativos e ferramentas de manuten\u00e7\u00e3o preditiva, as ferrovias est\u00e3o levando a efici\u00eancia, seguran\u00e7a e confiabilidade para o pr\u00f3ximo n\u00edvel.<\/span><br \/><span style=\"color: #000000;\">Estamos comprometidos com nossos clientes \u2014 tendo constru\u00eddo um legado de entrega de valor superior de maneira econ\u00f4mica. Nossa equipe trabalha duro para criar relacionamentos duradouros, fornecendo solu\u00e7\u00f5es abrangentes de material rodante e infraestrutura para a ind\u00fastria ferrovi\u00e1ria global e estabelecendo o padr\u00e3o de excel\u00eancia.<\/span><br \/><span style=\"color: #000000;\">N\u00f3s nos preocupamos em promover o movimento sustent\u00e1vel de bens e pessoas para as pr\u00f3ximas gera\u00e7\u00f5es, e sabemos que nossos clientes tamb\u00e9m se importam. Nossa presen\u00e7a estrat\u00e9gica garante suporte ao cliente responsivo e de qualidade o dia todo, todos os dias.<\/span><\/p>\n\t\t\t\t\t\t\t\t<\/div>\n\t\t\t\t<\/div>\n\t\t\t\t\t<\/div>\n\t\t<\/div>\n\t\t\t\t\t<\/div>\n\t\t<\/section>\n\t\t\t\t<\/div>\n\t\t","protected":false},"excerpt":{"rendered":"<p>Infraestrutura Ferrovi\u00e1ria e Material Rodante Atender \u00e0s necessidades de infraestrutura envelhecidas e ao mesmo tempo continuar a movimentar a carga com efici\u00eancia representa um desafio global. Em todo o mundo, as ferrovias continuam a servir como a principal solu\u00e7\u00e3o para um transporte eficaz. As prioridades da ind\u00fastria de hoje tornaram-se ainda mais sintonizadas com a [&hellip;]<\/p>\n","protected":false},"author":1,"featured_media":0,"parent":0,"menu_order":0,"comment_status":"closed","ping_status":"closed","template":"elementor_header_footer","meta":{"footnotes":""},"class_list":["post-437","page","type-page","status-publish","hentry"],"yoast_head":"<!-- This site is optimized with the Yoast SEO plugin v20.0 - https:\/\/yoast.com\/wordpress\/plugins\/seo\/ -->\n<title>Infraestrutura Ferrovi\u00e1ria e Material Rodante -<\/title>\n<meta name=\"robots\" content=\"index, follow, max-snippet:-1, max-image-preview:large, max-video-preview:-1\" \/>\n<link rel=\"canonical\" href=\"https:\/\/hrengineeringsolution.co.mz\/?page_id=437\" \/>\n<meta property=\"og:locale\" content=\"pt_PT\" \/>\n<meta property=\"og:type\" content=\"article\" \/>\n<meta property=\"og:title\" content=\"Infraestrutura Ferrovi\u00e1ria e Material Rodante -\" \/>\n<meta property=\"og:description\" content=\"Infraestrutura Ferrovi\u00e1ria e Material Rodante Atender \u00e0s necessidades de infraestrutura envelhecidas e ao mesmo tempo continuar a movimentar a carga com efici\u00eancia representa um desafio global. Em todo o mundo, as ferrovias continuam a servir como a principal solu\u00e7\u00e3o para um transporte eficaz. As prioridades da ind\u00fastria de hoje tornaram-se ainda mais sintonizadas com a [&hellip;]\" \/>\n<meta property=\"og:url\" content=\"https:\/\/hrengineeringsolution.co.mz\/?page_id=437\" \/>\n<meta property=\"article:modified_time\" content=\"2023-01-28T10:10:06+00:00\" \/>\n<meta property=\"og:image\" content=\"https:\/\/hrengineeringsolution.co.mz\/wp-content\/uploads\/2023\/01\/infra.jpg\" \/>\n<meta name=\"twitter:card\" content=\"summary_large_image\" \/>\n<meta name=\"twitter:label1\" content=\"Tempo estimado de leitura\" \/>\n\t<meta name=\"twitter:data1\" content=\"1 minuto\" \/>\n<script type=\"application\/ld+json\" class=\"yoast-schema-graph\">{\"@context\":\"https:\/\/schema.org\",\"@graph\":[{\"@type\":\"WebPage\",\"@id\":\"https:\/\/hrengineeringsolution.co.mz\/?page_id=437\",\"url\":\"https:\/\/hrengineeringsolution.co.mz\/?page_id=437\",\"name\":\"Infraestrutura Ferrovi\u00e1ria e Material Rodante -\",\"isPartOf\":{\"@id\":\"https:\/\/hrengineeringsolution.co.mz\/#website\"},\"datePublished\":\"2023-01-26T09:49:20+00:00\",\"dateModified\":\"2023-01-28T10:10:06+00:00\",\"breadcrumb\":{\"@id\":\"https:\/\/hrengineeringsolution.co.mz\/?page_id=437#breadcrumb\"},\"inLanguage\":\"pt-PT\",\"potentialAction\":[{\"@type\":\"ReadAction\",\"target\":[\"https:\/\/hrengineeringsolution.co.mz\/?page_id=437\"]}]},{\"@type\":\"BreadcrumbList\",\"@id\":\"https:\/\/hrengineeringsolution.co.mz\/?page_id=437#breadcrumb\",\"itemListElement\":[{\"@type\":\"ListItem\",\"position\":1,\"name\":\"In\u00edcio\",\"item\":\"https:\/\/hrengineeringsolution.co.mz\/\"},{\"@type\":\"ListItem\",\"position\":2,\"name\":\"Infraestrutura Ferrovi\u00e1ria e Material Rodante\"}]},{\"@type\":\"WebSite\",\"@id\":\"https:\/\/hrengineeringsolution.co.mz\/#website\",\"url\":\"https:\/\/hrengineeringsolution.co.mz\/\",\"name\":\"https:\/\/hrengineeringsolution.co.mz\",\"description\":\"\",\"publisher\":{\"@id\":\"https:\/\/hrengineeringsolution.co.mz\/#organization\"},\"potentialAction\":[{\"@type\":\"SearchAction\",\"target\":{\"@type\":\"EntryPoint\",\"urlTemplate\":\"https:\/\/hrengineeringsolution.co.mz\/?s={search_term_string}\"},\"query-input\":\"required name=search_term_string\"}],\"inLanguage\":\"pt-PT\"},{\"@type\":\"Organization\",\"@id\":\"https:\/\/hrengineeringsolution.co.mz\/#organization\",\"name\":\"HR Engineering\",\"url\":\"https:\/\/hrengineeringsolution.co.mz\/\",\"logo\":{\"@type\":\"ImageObject\",\"inLanguage\":\"pt-PT\",\"@id\":\"https:\/\/hrengineeringsolution.co.mz\/#\/schema\/logo\/image\/\",\"url\":\"https:\/\/hrengineeringsolution.co.mz\/wp-content\/uploads\/2023\/01\/logo-150-1.png\",\"contentUrl\":\"https:\/\/hrengineeringsolution.co.mz\/wp-content\/uploads\/2023\/01\/logo-150-1.png\",\"width\":150,\"height\":150,\"caption\":\"HR Engineering\"},\"image\":{\"@id\":\"https:\/\/hrengineeringsolution.co.mz\/#\/schema\/logo\/image\/\"}}]}<\/script>\n<!-- \/ Yoast SEO plugin. -->","yoast_head_json":{"title":"Infraestrutura Ferrovi\u00e1ria e Material Rodante -","robots":{"index":"index","follow":"follow","max-snippet":"max-snippet:-1","max-image-preview":"max-image-preview:large","max-video-preview":"max-video-preview:-1"},"canonical":"https:\/\/hrengineeringsolution.co.mz\/?page_id=437","og_locale":"pt_PT","og_type":"article","og_title":"Infraestrutura Ferrovi\u00e1ria e Material Rodante -","og_description":"Infraestrutura Ferrovi\u00e1ria e Material Rodante Atender \u00e0s necessidades de infraestrutura envelhecidas e ao mesmo tempo continuar a movimentar a carga com efici\u00eancia representa um desafio global. Em todo o mundo, as ferrovias continuam a servir como a principal solu\u00e7\u00e3o para um transporte eficaz. As prioridades da ind\u00fastria de hoje tornaram-se ainda mais sintonizadas com a [&hellip;]","og_url":"https:\/\/hrengineeringsolution.co.mz\/?page_id=437","article_modified_time":"2023-01-28T10:10:06+00:00","og_image":[{"url":"https:\/\/hrengineeringsolution.co.mz\/wp-content\/uploads\/2023\/01\/infra.jpg"}],"twitter_card":"summary_large_image","twitter_misc":{"Tempo estimado de leitura":"1 minuto"},"schema":{"@context":"https:\/\/schema.org","@graph":[{"@type":"WebPage","@id":"https:\/\/hrengineeringsolution.co.mz\/?page_id=437","url":"https:\/\/hrengineeringsolution.co.mz\/?page_id=437","name":"Infraestrutura Ferrovi\u00e1ria e Material Rodante -","isPartOf":{"@id":"https:\/\/hrengineeringsolution.co.mz\/#website"},"datePublished":"2023-01-26T09:49:20+00:00","dateModified":"2023-01-28T10:10:06+00:00","breadcrumb":{"@id":"https:\/\/hrengineeringsolution.co.mz\/?page_id=437#breadcrumb"},"inLanguage":"pt-PT","potentialAction":[{"@type":"ReadAction","target":["https:\/\/hrengineeringsolution.co.mz\/?page_id=437"]}]},{"@type":"BreadcrumbList","@id":"https:\/\/hrengineeringsolution.co.mz\/?page_id=437#breadcrumb","itemListElement":[{"@type":"ListItem","position":1,"name":"In\u00edcio","item":"https:\/\/hrengineeringsolution.co.mz\/"},{"@type":"ListItem","position":2,"name":"Infraestrutura Ferrovi\u00e1ria e Material Rodante"}]},{"@type":"WebSite","@id":"https:\/\/hrengineeringsolution.co.mz\/#website","url":"https:\/\/hrengineeringsolution.co.mz\/","name":"https:\/\/hrengineeringsolution.co.mz","description":"","publisher":{"@id":"https:\/\/hrengineeringsolution.co.mz\/#organization"},"potentialAction":[{"@type":"SearchAction","target":{"@type":"EntryPoint","urlTemplate":"https:\/\/hrengineeringsolution.co.mz\/?s={search_term_string}"},"query-input":"required name=search_term_string"}],"inLanguage":"pt-PT"},{"@type":"Organization","@id":"https:\/\/hrengineeringsolution.co.mz\/#organization","name":"HR Engineering","url":"https:\/\/hrengineeringsolution.co.mz\/","logo":{"@type":"ImageObject","inLanguage":"pt-PT","@id":"https:\/\/hrengineeringsolution.co.mz\/#\/schema\/logo\/image\/","url":"https:\/\/hrengineeringsolution.co.mz\/wp-content\/uploads\/2023\/01\/logo-150-1.png","contentUrl":"https:\/\/hrengineeringsolution.co.mz\/wp-content\/uploads\/2023\/01\/logo-150-1.png","width":150,"height":150,"caption":"HR Engineering"},"image":{"@id":"https:\/\/hrengineeringsolution.co.mz\/#\/schema\/logo\/image\/"}}]}},"_links":{"self":[{"href":"https:\/\/hrengineeringsolution.co.mz\/index.php?rest_route=\/wp\/v2\/pages\/437","targetHints":{"allow":["GET"]}}],"collection":[{"href":"https:\/\/hrengineeringsolution.co.mz\/index.php?rest_route=\/wp\/v2\/pages"}],"about":[{"href":"https:\/\/hrengineeringsolution.co.mz\/index.php?rest_route=\/wp\/v2\/types\/page"}],"author":[{"embeddable":true,"href":"https:\/\/hrengineeringsolution.co.mz\/index.php?rest_route=\/wp\/v2\/users\/1"}],"replies":[{"embeddable":true,"href":"https:\/\/hrengineeringsolution.co.mz\/index.php?rest_route=%2Fwp%2Fv2%2Fcomments&post=437"}],"version-history":[{"count":0,"href":"https:\/\/hrengineeringsolution.co.mz\/index.php?rest_route=\/wp\/v2\/pages\/437\/revisions"}],"wp:attachment":[{"href":"https:\/\/hrengineeringsolution.co.mz\/index.php?rest_route=%2Fwp%2Fv2%2Fmedia&parent=437"}],"curies":[{"name":"wp","href":"https:\/\/api.w.org\/{rel}","templated":true}]}}