{"id":434,"date":"2023-01-26T09:47:23","date_gmt":"2023-01-26T09:47:23","guid":{"rendered":"https:\/\/hrengineeringsolution.co.mz\/?page_id=434"},"modified":"2023-01-28T09:54:02","modified_gmt":"2023-01-28T09:54:02","slug":"gas-de-petroleo","status":"publish","type":"page","link":"https:\/\/hrengineeringsolution.co.mz\/?page_id=434","title":{"rendered":"G\u00e1s de petr\u00f3leo"},"content":{"rendered":"\t\t<div data-elementor-type=\"wp-page\" data-elementor-id=\"434\" class=\"elementor elementor-434\">\n\t\t\t\t\t\t<section class=\"elementor-section elementor-top-section elementor-element elementor-element-a314101 elementor-section-boxed elementor-section-height-default elementor-section-height-default\" data-id=\"a314101\" data-element_type=\"section\" data-e-type=\"section\">\n\t\t\t\t\t\t<div class=\"elementor-container elementor-column-gap-default\">\n\t\t\t\t\t<div class=\"elementor-column elementor-col-100 elementor-top-column elementor-element elementor-element-99cc5b6\" data-id=\"99cc5b6\" data-element_type=\"column\" data-e-type=\"column\">\n\t\t\t<div class=\"elementor-widget-wrap elementor-element-populated\">\n\t\t\t\t\t\t<div class=\"elementor-element elementor-element-565b7b6 elementor-widget elementor-widget-heading\" data-id=\"565b7b6\" data-element_type=\"widget\" data-e-type=\"widget\" data-widget_type=\"heading.default\">\n\t\t\t\t<div class=\"elementor-widget-container\">\n\t\t\t\t\t<h2 class=\"elementor-heading-title elementor-size-default\">G\u00e1s de petr\u00f3leo<\/h2>\t\t\t\t<\/div>\n\t\t\t\t<\/div>\n\t\t\t\t\t<\/div>\n\t\t<\/div>\n\t\t\t\t\t<\/div>\n\t\t<\/section>\n\t\t\t\t<section class=\"elementor-section elementor-top-section elementor-element elementor-element-2b27300 elementor-section-boxed elementor-section-height-default elementor-section-height-default\" data-id=\"2b27300\" data-element_type=\"section\" data-e-type=\"section\">\n\t\t\t\t\t\t<div class=\"elementor-container elementor-column-gap-default\">\n\t\t\t\t\t<div class=\"elementor-column elementor-col-50 elementor-top-column elementor-element elementor-element-bfeb611\" data-id=\"bfeb611\" data-element_type=\"column\" data-e-type=\"column\">\n\t\t\t<div class=\"elementor-widget-wrap elementor-element-populated\">\n\t\t\t\t\t\t<div class=\"elementor-element elementor-element-e2cb8a6 elementor-widget elementor-widget-image\" data-id=\"e2cb8a6\" data-element_type=\"widget\" data-e-type=\"widget\" data-widget_type=\"image.default\">\n\t\t\t\t<div class=\"elementor-widget-container\">\n\t\t\t\t\t\t\t\t\t\t\t\t\t\t\t<img fetchpriority=\"high\" decoding=\"async\" width=\"525\" height=\"350\" src=\"https:\/\/hrengineeringsolution.co.mz\/wp-content\/uploads\/2023\/01\/image-600.jpg\" class=\"attachment-large size-large wp-image-327\" alt=\"\" srcset=\"https:\/\/hrengineeringsolution.co.mz\/wp-content\/uploads\/2023\/01\/image-600.jpg 600w, https:\/\/hrengineeringsolution.co.mz\/wp-content\/uploads\/2023\/01\/image-600-300x200.jpg 300w\" sizes=\"(max-width: 525px) 100vw, 525px\" \/>\t\t\t\t\t\t\t\t\t\t\t\t\t\t\t<\/div>\n\t\t\t\t<\/div>\n\t\t\t\t\t<\/div>\n\t\t<\/div>\n\t\t\t\t<div class=\"elementor-column elementor-col-50 elementor-top-column elementor-element elementor-element-899ea6d\" data-id=\"899ea6d\" data-element_type=\"column\" data-e-type=\"column\">\n\t\t\t<div class=\"elementor-widget-wrap elementor-element-populated\">\n\t\t\t\t\t\t<div class=\"elementor-element elementor-element-c204643 elementor-widget elementor-widget-text-editor\" data-id=\"c204643\" data-element_type=\"widget\" data-e-type=\"widget\" data-widget_type=\"text-editor.default\">\n\t\t\t\t<div class=\"elementor-widget-container\">\n\t\t\t\t\t\t\t\t\t\n<p style=\"text-align: justify;\"><span style=\"color: #000000;\">Nossa ampla experi\u00eancia e conhecimento da ind\u00fastria de Petr\u00f3leo e G\u00e1s faz da HR Engineering a pe\u00e7a-chave na aquisi\u00e7\u00e3o de plantas de Petr\u00f3leo e G\u00e1s.<\/span><br \/>O trabalho cont\u00ednuo com empresas de primeira linha locais e internacionais \u00e9 uma prova do nosso sucesso em atender continuamente \u00e0s rigorosas demandas de compras e cadeia de suprimentos da ind\u00fastria<\/p>\n\n<p style=\"text-align: justify;\">A vasta experi\u00eancia que temos nas ind\u00fastrias de petr\u00f3leo e g\u00e1s nos coloca em posi\u00e7\u00e3o ideal para atender aos setores s\u00edsmico, perfura\u00e7\u00e3o, produ\u00e7\u00e3o, desenvolvimento de MRO, refinaria e petroqu\u00edmica. Produtores de petr\u00f3leo e operadores de usinas de g\u00e1s onshore e offshore enfrentam problemas cada vez mais desafiadores que devem ser superados. Nosso servi\u00e7o abrangente de compras oferece infraestrutura de suporte completa considerando todos os aspectos da execu\u00e7\u00e3o, incluindo sustentabilidade, implica\u00e7\u00f5es de custo, log\u00edstica e tecnologia.<\/p>\n\t\t\t\t\t\t\t\t<\/div>\n\t\t\t\t<\/div>\n\t\t\t\t\t<\/div>\n\t\t<\/div>\n\t\t\t\t\t<\/div>\n\t\t<\/section>\n\t\t\t\t<section class=\"elementor-section elementor-top-section elementor-element elementor-element-4a0fe97 elementor-section-boxed elementor-section-height-default elementor-section-height-default\" data-id=\"4a0fe97\" data-element_type=\"section\" data-e-type=\"section\">\n\t\t\t\t\t\t<div class=\"elementor-container elementor-column-gap-default\">\n\t\t\t\t\t<div class=\"elementor-column elementor-col-100 elementor-top-column elementor-element elementor-element-c1a0da9\" data-id=\"c1a0da9\" data-element_type=\"column\" data-e-type=\"column\">\n\t\t\t<div class=\"elementor-widget-wrap elementor-element-populated\">\n\t\t\t\t\t\t<div class=\"elementor-element elementor-element-365a451 elementor-widget elementor-widget-text-editor\" data-id=\"365a451\" data-element_type=\"widget\" data-e-type=\"widget\" data-widget_type=\"text-editor.default\">\n\t\t\t\t<div class=\"elementor-widget-container\">\n\t\t\t\t\t\t\t\t\t\n<p style=\"text-align: justify;\">Nossa trading house atende a uma ampla gama de servi\u00e7os integrados para suas opera\u00e7\u00f5es de Petr\u00f3leo e G\u00e1s, seja upstream ou downstream, onshore ou offshore. Nosso impressionante hist\u00f3rico de entrega de projetos, aliado ao nosso know-how especializado neste setor, nos torna um parceiro de escolha no setor de compras de Petr\u00f3leo e G\u00e1s<\/p>\n\t\t\t\t\t\t\t\t<\/div>\n\t\t\t\t<\/div>\n\t\t\t\t\t<\/div>\n\t\t<\/div>\n\t\t\t\t\t<\/div>\n\t\t<\/section>\n\t\t\t\t<\/div>\n\t\t","protected":false},"excerpt":{"rendered":"<p>G\u00e1s de petr\u00f3leo Nossa ampla experi\u00eancia e conhecimento da ind\u00fastria de Petr\u00f3leo e G\u00e1s faz da HR Engineering a pe\u00e7a-chave na aquisi\u00e7\u00e3o de plantas de Petr\u00f3leo e G\u00e1s.O trabalho cont\u00ednuo com empresas de primeira linha locais e internacionais \u00e9 uma prova do nosso sucesso em atender continuamente \u00e0s rigorosas demandas de compras e cadeia de [&hellip;]<\/p>\n","protected":false},"author":1,"featured_media":0,"parent":0,"menu_order":0,"comment_status":"closed","ping_status":"closed","template":"elementor_header_footer","meta":{"footnotes":""},"class_list":["post-434","page","type-page","status-publish","hentry"],"yoast_head":"<!-- This site is optimized with the Yoast SEO plugin v20.0 - https:\/\/yoast.com\/wordpress\/plugins\/seo\/ -->\n<title>G\u00e1s de petr\u00f3leo -<\/title>\n<meta name=\"robots\" content=\"index, follow, max-snippet:-1, max-image-preview:large, max-video-preview:-1\" \/>\n<link rel=\"canonical\" href=\"https:\/\/hrengineeringsolution.co.mz\/?page_id=434\" \/>\n<meta property=\"og:locale\" content=\"pt_PT\" \/>\n<meta property=\"og:type\" content=\"article\" \/>\n<meta property=\"og:title\" content=\"G\u00e1s de petr\u00f3leo -\" \/>\n<meta property=\"og:description\" content=\"G\u00e1s de petr\u00f3leo Nossa ampla experi\u00eancia e conhecimento da ind\u00fastria de Petr\u00f3leo e G\u00e1s faz da HR Engineering a pe\u00e7a-chave na aquisi\u00e7\u00e3o de plantas de Petr\u00f3leo e G\u00e1s.O trabalho cont\u00ednuo com empresas de primeira linha locais e internacionais \u00e9 uma prova do nosso sucesso em atender continuamente \u00e0s rigorosas demandas de compras e cadeia de [&hellip;]\" \/>\n<meta property=\"og:url\" content=\"https:\/\/hrengineeringsolution.co.mz\/?page_id=434\" \/>\n<meta property=\"article:modified_time\" content=\"2023-01-28T09:54:02+00:00\" \/>\n<meta property=\"og:image\" content=\"https:\/\/hrengineeringsolution.co.mz\/wp-content\/uploads\/2023\/01\/image-600.jpg\" \/>\n<meta name=\"twitter:card\" content=\"summary_large_image\" \/>\n<meta name=\"twitter:label1\" content=\"Tempo estimado de leitura\" \/>\n\t<meta name=\"twitter:data1\" content=\"1 minuto\" \/>\n<script type=\"application\/ld+json\" class=\"yoast-schema-graph\">{\"@context\":\"https:\/\/schema.org\",\"@graph\":[{\"@type\":\"WebPage\",\"@id\":\"https:\/\/hrengineeringsolution.co.mz\/?page_id=434\",\"url\":\"https:\/\/hrengineeringsolution.co.mz\/?page_id=434\",\"name\":\"G\u00e1s de petr\u00f3leo -\",\"isPartOf\":{\"@id\":\"https:\/\/hrengineeringsolution.co.mz\/#website\"},\"datePublished\":\"2023-01-26T09:47:23+00:00\",\"dateModified\":\"2023-01-28T09:54:02+00:00\",\"breadcrumb\":{\"@id\":\"https:\/\/hrengineeringsolution.co.mz\/?page_id=434#breadcrumb\"},\"inLanguage\":\"pt-PT\",\"potentialAction\":[{\"@type\":\"ReadAction\",\"target\":[\"https:\/\/hrengineeringsolution.co.mz\/?page_id=434\"]}]},{\"@type\":\"BreadcrumbList\",\"@id\":\"https:\/\/hrengineeringsolution.co.mz\/?page_id=434#breadcrumb\",\"itemListElement\":[{\"@type\":\"ListItem\",\"position\":1,\"name\":\"In\u00edcio\",\"item\":\"https:\/\/hrengineeringsolution.co.mz\/\"},{\"@type\":\"ListItem\",\"position\":2,\"name\":\"G\u00e1s de petr\u00f3leo\"}]},{\"@type\":\"WebSite\",\"@id\":\"https:\/\/hrengineeringsolution.co.mz\/#website\",\"url\":\"https:\/\/hrengineeringsolution.co.mz\/\",\"name\":\"https:\/\/hrengineeringsolution.co.mz\",\"description\":\"\",\"publisher\":{\"@id\":\"https:\/\/hrengineeringsolution.co.mz\/#organization\"},\"potentialAction\":[{\"@type\":\"SearchAction\",\"target\":{\"@type\":\"EntryPoint\",\"urlTemplate\":\"https:\/\/hrengineeringsolution.co.mz\/?s={search_term_string}\"},\"query-input\":\"required name=search_term_string\"}],\"inLanguage\":\"pt-PT\"},{\"@type\":\"Organization\",\"@id\":\"https:\/\/hrengineeringsolution.co.mz\/#organization\",\"name\":\"HR Engineering\",\"url\":\"https:\/\/hrengineeringsolution.co.mz\/\",\"logo\":{\"@type\":\"ImageObject\",\"inLanguage\":\"pt-PT\",\"@id\":\"https:\/\/hrengineeringsolution.co.mz\/#\/schema\/logo\/image\/\",\"url\":\"https:\/\/hrengineeringsolution.co.mz\/wp-content\/uploads\/2023\/01\/logo-150-1.png\",\"contentUrl\":\"https:\/\/hrengineeringsolution.co.mz\/wp-content\/uploads\/2023\/01\/logo-150-1.png\",\"width\":150,\"height\":150,\"caption\":\"HR Engineering\"},\"image\":{\"@id\":\"https:\/\/hrengineeringsolution.co.mz\/#\/schema\/logo\/image\/\"}}]}<\/script>\n<!-- \/ Yoast SEO plugin. -->","yoast_head_json":{"title":"G\u00e1s de petr\u00f3leo -","robots":{"index":"index","follow":"follow","max-snippet":"max-snippet:-1","max-image-preview":"max-image-preview:large","max-video-preview":"max-video-preview:-1"},"canonical":"https:\/\/hrengineeringsolution.co.mz\/?page_id=434","og_locale":"pt_PT","og_type":"article","og_title":"G\u00e1s de petr\u00f3leo -","og_description":"G\u00e1s de petr\u00f3leo Nossa ampla experi\u00eancia e conhecimento da ind\u00fastria de Petr\u00f3leo e G\u00e1s faz da HR Engineering a pe\u00e7a-chave na aquisi\u00e7\u00e3o de plantas de Petr\u00f3leo e G\u00e1s.O trabalho cont\u00ednuo com empresas de primeira linha locais e internacionais \u00e9 uma prova do nosso sucesso em atender continuamente \u00e0s rigorosas demandas de compras e cadeia de [&hellip;]","og_url":"https:\/\/hrengineeringsolution.co.mz\/?page_id=434","article_modified_time":"2023-01-28T09:54:02+00:00","og_image":[{"url":"https:\/\/hrengineeringsolution.co.mz\/wp-content\/uploads\/2023\/01\/image-600.jpg"}],"twitter_card":"summary_large_image","twitter_misc":{"Tempo estimado de leitura":"1 minuto"},"schema":{"@context":"https:\/\/schema.org","@graph":[{"@type":"WebPage","@id":"https:\/\/hrengineeringsolution.co.mz\/?page_id=434","url":"https:\/\/hrengineeringsolution.co.mz\/?page_id=434","name":"G\u00e1s de petr\u00f3leo -","isPartOf":{"@id":"https:\/\/hrengineeringsolution.co.mz\/#website"},"datePublished":"2023-01-26T09:47:23+00:00","dateModified":"2023-01-28T09:54:02+00:00","breadcrumb":{"@id":"https:\/\/hrengineeringsolution.co.mz\/?page_id=434#breadcrumb"},"inLanguage":"pt-PT","potentialAction":[{"@type":"ReadAction","target":["https:\/\/hrengineeringsolution.co.mz\/?page_id=434"]}]},{"@type":"BreadcrumbList","@id":"https:\/\/hrengineeringsolution.co.mz\/?page_id=434#breadcrumb","itemListElement":[{"@type":"ListItem","position":1,"name":"In\u00edcio","item":"https:\/\/hrengineeringsolution.co.mz\/"},{"@type":"ListItem","position":2,"name":"G\u00e1s de petr\u00f3leo"}]},{"@type":"WebSite","@id":"https:\/\/hrengineeringsolution.co.mz\/#website","url":"https:\/\/hrengineeringsolution.co.mz\/","name":"https:\/\/hrengineeringsolution.co.mz","description":"","publisher":{"@id":"https:\/\/hrengineeringsolution.co.mz\/#organization"},"potentialAction":[{"@type":"SearchAction","target":{"@type":"EntryPoint","urlTemplate":"https:\/\/hrengineeringsolution.co.mz\/?s={search_term_string}"},"query-input":"required name=search_term_string"}],"inLanguage":"pt-PT"},{"@type":"Organization","@id":"https:\/\/hrengineeringsolution.co.mz\/#organization","name":"HR Engineering","url":"https:\/\/hrengineeringsolution.co.mz\/","logo":{"@type":"ImageObject","inLanguage":"pt-PT","@id":"https:\/\/hrengineeringsolution.co.mz\/#\/schema\/logo\/image\/","url":"https:\/\/hrengineeringsolution.co.mz\/wp-content\/uploads\/2023\/01\/logo-150-1.png","contentUrl":"https:\/\/hrengineeringsolution.co.mz\/wp-content\/uploads\/2023\/01\/logo-150-1.png","width":150,"height":150,"caption":"HR Engineering"},"image":{"@id":"https:\/\/hrengineeringsolution.co.mz\/#\/schema\/logo\/image\/"}}]}},"_links":{"self":[{"href":"https:\/\/hrengineeringsolution.co.mz\/index.php?rest_route=\/wp\/v2\/pages\/434","targetHints":{"allow":["GET"]}}],"collection":[{"href":"https:\/\/hrengineeringsolution.co.mz\/index.php?rest_route=\/wp\/v2\/pages"}],"about":[{"href":"https:\/\/hrengineeringsolution.co.mz\/index.php?rest_route=\/wp\/v2\/types\/page"}],"author":[{"embeddable":true,"href":"https:\/\/hrengineeringsolution.co.mz\/index.php?rest_route=\/wp\/v2\/users\/1"}],"replies":[{"embeddable":true,"href":"https:\/\/hrengineeringsolution.co.mz\/index.php?rest_route=%2Fwp%2Fv2%2Fcomments&post=434"}],"version-history":[{"count":0,"href":"https:\/\/hrengineeringsolution.co.mz\/index.php?rest_route=\/wp\/v2\/pages\/434\/revisions"}],"wp:attachment":[{"href":"https:\/\/hrengineeringsolution.co.mz\/index.php?rest_route=%2Fwp%2Fv2%2Fmedia&parent=434"}],"curies":[{"name":"wp","href":"https:\/\/api.w.org\/{rel}","templated":true}]}}