{"id":423,"date":"2023-01-26T09:39:41","date_gmt":"2023-01-26T09:39:41","guid":{"rendered":"https:\/\/hrengineeringsolution.co.mz\/?page_id=423"},"modified":"2023-01-28T09:27:52","modified_gmt":"2023-01-28T09:27:52","slug":"nossa-estrategia-central","status":"publish","type":"page","link":"https:\/\/hrengineeringsolution.co.mz\/?page_id=423","title":{"rendered":"Nossa estrat\u00e9gia central"},"content":{"rendered":"\t\t<div data-elementor-type=\"wp-page\" data-elementor-id=\"423\" class=\"elementor elementor-423\">\n\t\t\t\t\t\t<section class=\"elementor-section elementor-top-section elementor-element elementor-element-527a19f elementor-section-boxed elementor-section-height-default elementor-section-height-default\" data-id=\"527a19f\" data-element_type=\"section\" data-e-type=\"section\">\n\t\t\t\t\t\t<div class=\"elementor-container elementor-column-gap-default\">\n\t\t\t\t\t<div class=\"elementor-column elementor-col-50 elementor-top-column elementor-element elementor-element-f06f96c\" data-id=\"f06f96c\" data-element_type=\"column\" data-e-type=\"column\">\n\t\t\t<div class=\"elementor-widget-wrap elementor-element-populated\">\n\t\t\t\t\t\t<div class=\"elementor-element elementor-element-fe75fe7 elementor-widget elementor-widget-heading\" data-id=\"fe75fe7\" data-element_type=\"widget\" data-e-type=\"widget\" data-widget_type=\"heading.default\">\n\t\t\t\t<div class=\"elementor-widget-container\">\n\t\t\t\t\t<h2 class=\"elementor-heading-title elementor-size-default\">A nossa estrat\u00e9gia central<\/h2>\t\t\t\t<\/div>\n\t\t\t\t<\/div>\n\t\t\t\t<div class=\"elementor-element elementor-element-6b414b9 elementor-widget elementor-widget-image\" data-id=\"6b414b9\" data-element_type=\"widget\" data-e-type=\"widget\" data-widget_type=\"image.default\">\n\t\t\t\t<div class=\"elementor-widget-container\">\n\t\t\t\t\t\t\t\t\t\t\t\t\t\t\t<img fetchpriority=\"high\" decoding=\"async\" width=\"525\" height=\"330\" src=\"https:\/\/hrengineeringsolution.co.mz\/wp-content\/uploads\/2023\/01\/estrategia.jpg\" class=\"attachment-large size-large wp-image-623\" alt=\"\" srcset=\"https:\/\/hrengineeringsolution.co.mz\/wp-content\/uploads\/2023\/01\/estrategia.jpg 1024w, https:\/\/hrengineeringsolution.co.mz\/wp-content\/uploads\/2023\/01\/estrategia-300x188.jpg 300w, https:\/\/hrengineeringsolution.co.mz\/wp-content\/uploads\/2023\/01\/estrategia-768x482.jpg 768w\" sizes=\"(max-width: 525px) 100vw, 525px\" \/>\t\t\t\t\t\t\t\t\t\t\t\t\t\t\t<\/div>\n\t\t\t\t<\/div>\n\t\t\t\t\t<\/div>\n\t\t<\/div>\n\t\t\t\t<div class=\"elementor-column elementor-col-50 elementor-top-column elementor-element elementor-element-70f8d39\" data-id=\"70f8d39\" data-element_type=\"column\" data-e-type=\"column\">\n\t\t\t<div class=\"elementor-widget-wrap elementor-element-populated\">\n\t\t\t\t\t\t<div class=\"elementor-element elementor-element-db6faa0 elementor-widget elementor-widget-text-editor\" data-id=\"db6faa0\" data-element_type=\"widget\" data-e-type=\"widget\" data-widget_type=\"text-editor.default\">\n\t\t\t\t<div class=\"elementor-widget-container\">\n\t\t\t\t\t\t\t\t\t\n<p>A RH Engineering tem prestado servi\u00e7os de aquisi\u00e7\u00e3o e compras \u00fanicos e altamente profissionais aos nossos clientes. A dedica\u00e7\u00e3o que temos aos nossos clientes, aliada ao nosso profundo conhecimento dos mercados em que atuamos, \u00e9 incompar\u00e1vel.<br \/>Uma raz\u00e3o pela qual permanecemos na vanguarda do setor de compras \u00e9 a nossa recusa em perder de vista a filosofia da nossa empresa, seja qual for o seu pedido \u2013 n\u00e3o importa o qu\u00e3o complexo ou exigente.<br \/>Adquirimos uma compreens\u00e3o abrangente das necessidades individuais de nossos clientes para garantir que ajudamos voc\u00ea a realizar o trabalho dentro do prazo e do or\u00e7amento.<br \/>Nossa casa comercial e departamento de compras s\u00e3o extens\u00f5es de sua equipe e t\u00eam como fun\u00e7\u00e3o priorit\u00e1ria manter suas rodas firmemente em movimento por meio de nossa ampla experi\u00eancia, capacidades tecnol\u00f3gicas e efici\u00eancia de nossos processos de compras, compras e cadeia de suprimentos &#8211; sejam solicita\u00e7\u00f5es individuais ou completas. projetos terceirizados de compras e cadeia de suprimentos.<\/p>\n\t\t\t\t\t\t\t\t<\/div>\n\t\t\t\t<\/div>\n\t\t\t\t\t<\/div>\n\t\t<\/div>\n\t\t\t\t\t<\/div>\n\t\t<\/section>\n\t\t\t\t<\/div>\n\t\t","protected":false},"excerpt":{"rendered":"<p>A nossa estrat\u00e9gia central A RH Engineering tem prestado servi\u00e7os de aquisi\u00e7\u00e3o e compras \u00fanicos e altamente profissionais aos nossos clientes. A dedica\u00e7\u00e3o que temos aos nossos clientes, aliada ao nosso profundo conhecimento dos mercados em que atuamos, \u00e9 incompar\u00e1vel.Uma raz\u00e3o pela qual permanecemos na vanguarda do setor de compras \u00e9 a nossa recusa em [&hellip;]<\/p>\n","protected":false},"author":1,"featured_media":0,"parent":0,"menu_order":0,"comment_status":"closed","ping_status":"closed","template":"elementor_header_footer","meta":{"footnotes":""},"class_list":["post-423","page","type-page","status-publish","hentry"],"yoast_head":"<!-- This site is optimized with the Yoast SEO plugin v20.0 - https:\/\/yoast.com\/wordpress\/plugins\/seo\/ -->\n<title>Nossa estrat\u00e9gia central -<\/title>\n<meta name=\"robots\" content=\"index, follow, max-snippet:-1, max-image-preview:large, max-video-preview:-1\" \/>\n<link rel=\"canonical\" href=\"https:\/\/hrengineeringsolution.co.mz\/?page_id=423\" \/>\n<meta property=\"og:locale\" content=\"pt_PT\" \/>\n<meta property=\"og:type\" content=\"article\" \/>\n<meta property=\"og:title\" content=\"Nossa estrat\u00e9gia central -\" \/>\n<meta property=\"og:description\" content=\"A nossa estrat\u00e9gia central A RH Engineering tem prestado servi\u00e7os de aquisi\u00e7\u00e3o e compras \u00fanicos e altamente profissionais aos nossos clientes. A dedica\u00e7\u00e3o que temos aos nossos clientes, aliada ao nosso profundo conhecimento dos mercados em que atuamos, \u00e9 incompar\u00e1vel.Uma raz\u00e3o pela qual permanecemos na vanguarda do setor de compras \u00e9 a nossa recusa em [&hellip;]\" \/>\n<meta property=\"og:url\" content=\"https:\/\/hrengineeringsolution.co.mz\/?page_id=423\" \/>\n<meta property=\"article:modified_time\" content=\"2023-01-28T09:27:52+00:00\" \/>\n<meta property=\"og:image\" content=\"https:\/\/hrengineeringsolution.co.mz\/wp-content\/uploads\/2023\/01\/estrategia.jpg\" \/>\n<meta name=\"twitter:card\" content=\"summary_large_image\" \/>\n<meta name=\"twitter:label1\" content=\"Tempo estimado de leitura\" \/>\n\t<meta name=\"twitter:data1\" content=\"1 minuto\" \/>\n<script type=\"application\/ld+json\" class=\"yoast-schema-graph\">{\"@context\":\"https:\/\/schema.org\",\"@graph\":[{\"@type\":\"WebPage\",\"@id\":\"https:\/\/hrengineeringsolution.co.mz\/?page_id=423\",\"url\":\"https:\/\/hrengineeringsolution.co.mz\/?page_id=423\",\"name\":\"Nossa estrat\u00e9gia central -\",\"isPartOf\":{\"@id\":\"https:\/\/hrengineeringsolution.co.mz\/#website\"},\"datePublished\":\"2023-01-26T09:39:41+00:00\",\"dateModified\":\"2023-01-28T09:27:52+00:00\",\"breadcrumb\":{\"@id\":\"https:\/\/hrengineeringsolution.co.mz\/?page_id=423#breadcrumb\"},\"inLanguage\":\"pt-PT\",\"potentialAction\":[{\"@type\":\"ReadAction\",\"target\":[\"https:\/\/hrengineeringsolution.co.mz\/?page_id=423\"]}]},{\"@type\":\"BreadcrumbList\",\"@id\":\"https:\/\/hrengineeringsolution.co.mz\/?page_id=423#breadcrumb\",\"itemListElement\":[{\"@type\":\"ListItem\",\"position\":1,\"name\":\"In\u00edcio\",\"item\":\"https:\/\/hrengineeringsolution.co.mz\/\"},{\"@type\":\"ListItem\",\"position\":2,\"name\":\"Nossa estrat\u00e9gia central\"}]},{\"@type\":\"WebSite\",\"@id\":\"https:\/\/hrengineeringsolution.co.mz\/#website\",\"url\":\"https:\/\/hrengineeringsolution.co.mz\/\",\"name\":\"https:\/\/hrengineeringsolution.co.mz\",\"description\":\"\",\"publisher\":{\"@id\":\"https:\/\/hrengineeringsolution.co.mz\/#organization\"},\"potentialAction\":[{\"@type\":\"SearchAction\",\"target\":{\"@type\":\"EntryPoint\",\"urlTemplate\":\"https:\/\/hrengineeringsolution.co.mz\/?s={search_term_string}\"},\"query-input\":\"required name=search_term_string\"}],\"inLanguage\":\"pt-PT\"},{\"@type\":\"Organization\",\"@id\":\"https:\/\/hrengineeringsolution.co.mz\/#organization\",\"name\":\"HR Engineering\",\"url\":\"https:\/\/hrengineeringsolution.co.mz\/\",\"logo\":{\"@type\":\"ImageObject\",\"inLanguage\":\"pt-PT\",\"@id\":\"https:\/\/hrengineeringsolution.co.mz\/#\/schema\/logo\/image\/\",\"url\":\"https:\/\/hrengineeringsolution.co.mz\/wp-content\/uploads\/2023\/01\/logo-150-1.png\",\"contentUrl\":\"https:\/\/hrengineeringsolution.co.mz\/wp-content\/uploads\/2023\/01\/logo-150-1.png\",\"width\":150,\"height\":150,\"caption\":\"HR Engineering\"},\"image\":{\"@id\":\"https:\/\/hrengineeringsolution.co.mz\/#\/schema\/logo\/image\/\"}}]}<\/script>\n<!-- \/ Yoast SEO plugin. -->","yoast_head_json":{"title":"Nossa estrat\u00e9gia central -","robots":{"index":"index","follow":"follow","max-snippet":"max-snippet:-1","max-image-preview":"max-image-preview:large","max-video-preview":"max-video-preview:-1"},"canonical":"https:\/\/hrengineeringsolution.co.mz\/?page_id=423","og_locale":"pt_PT","og_type":"article","og_title":"Nossa estrat\u00e9gia central -","og_description":"A nossa estrat\u00e9gia central A RH Engineering tem prestado servi\u00e7os de aquisi\u00e7\u00e3o e compras \u00fanicos e altamente profissionais aos nossos clientes. A dedica\u00e7\u00e3o que temos aos nossos clientes, aliada ao nosso profundo conhecimento dos mercados em que atuamos, \u00e9 incompar\u00e1vel.Uma raz\u00e3o pela qual permanecemos na vanguarda do setor de compras \u00e9 a nossa recusa em [&hellip;]","og_url":"https:\/\/hrengineeringsolution.co.mz\/?page_id=423","article_modified_time":"2023-01-28T09:27:52+00:00","og_image":[{"url":"https:\/\/hrengineeringsolution.co.mz\/wp-content\/uploads\/2023\/01\/estrategia.jpg"}],"twitter_card":"summary_large_image","twitter_misc":{"Tempo estimado de leitura":"1 minuto"},"schema":{"@context":"https:\/\/schema.org","@graph":[{"@type":"WebPage","@id":"https:\/\/hrengineeringsolution.co.mz\/?page_id=423","url":"https:\/\/hrengineeringsolution.co.mz\/?page_id=423","name":"Nossa estrat\u00e9gia central -","isPartOf":{"@id":"https:\/\/hrengineeringsolution.co.mz\/#website"},"datePublished":"2023-01-26T09:39:41+00:00","dateModified":"2023-01-28T09:27:52+00:00","breadcrumb":{"@id":"https:\/\/hrengineeringsolution.co.mz\/?page_id=423#breadcrumb"},"inLanguage":"pt-PT","potentialAction":[{"@type":"ReadAction","target":["https:\/\/hrengineeringsolution.co.mz\/?page_id=423"]}]},{"@type":"BreadcrumbList","@id":"https:\/\/hrengineeringsolution.co.mz\/?page_id=423#breadcrumb","itemListElement":[{"@type":"ListItem","position":1,"name":"In\u00edcio","item":"https:\/\/hrengineeringsolution.co.mz\/"},{"@type":"ListItem","position":2,"name":"Nossa estrat\u00e9gia central"}]},{"@type":"WebSite","@id":"https:\/\/hrengineeringsolution.co.mz\/#website","url":"https:\/\/hrengineeringsolution.co.mz\/","name":"https:\/\/hrengineeringsolution.co.mz","description":"","publisher":{"@id":"https:\/\/hrengineeringsolution.co.mz\/#organization"},"potentialAction":[{"@type":"SearchAction","target":{"@type":"EntryPoint","urlTemplate":"https:\/\/hrengineeringsolution.co.mz\/?s={search_term_string}"},"query-input":"required name=search_term_string"}],"inLanguage":"pt-PT"},{"@type":"Organization","@id":"https:\/\/hrengineeringsolution.co.mz\/#organization","name":"HR Engineering","url":"https:\/\/hrengineeringsolution.co.mz\/","logo":{"@type":"ImageObject","inLanguage":"pt-PT","@id":"https:\/\/hrengineeringsolution.co.mz\/#\/schema\/logo\/image\/","url":"https:\/\/hrengineeringsolution.co.mz\/wp-content\/uploads\/2023\/01\/logo-150-1.png","contentUrl":"https:\/\/hrengineeringsolution.co.mz\/wp-content\/uploads\/2023\/01\/logo-150-1.png","width":150,"height":150,"caption":"HR Engineering"},"image":{"@id":"https:\/\/hrengineeringsolution.co.mz\/#\/schema\/logo\/image\/"}}]}},"_links":{"self":[{"href":"https:\/\/hrengineeringsolution.co.mz\/index.php?rest_route=\/wp\/v2\/pages\/423","targetHints":{"allow":["GET"]}}],"collection":[{"href":"https:\/\/hrengineeringsolution.co.mz\/index.php?rest_route=\/wp\/v2\/pages"}],"about":[{"href":"https:\/\/hrengineeringsolution.co.mz\/index.php?rest_route=\/wp\/v2\/types\/page"}],"author":[{"embeddable":true,"href":"https:\/\/hrengineeringsolution.co.mz\/index.php?rest_route=\/wp\/v2\/users\/1"}],"replies":[{"embeddable":true,"href":"https:\/\/hrengineeringsolution.co.mz\/index.php?rest_route=%2Fwp%2Fv2%2Fcomments&post=423"}],"version-history":[{"count":0,"href":"https:\/\/hrengineeringsolution.co.mz\/index.php?rest_route=\/wp\/v2\/pages\/423\/revisions"}],"wp:attachment":[{"href":"https:\/\/hrengineeringsolution.co.mz\/index.php?rest_route=%2Fwp%2Fv2%2Fmedia&parent=423"}],"curies":[{"name":"wp","href":"https:\/\/api.w.org\/{rel}","templated":true}]}}