{"id":417,"date":"2023-01-26T09:37:29","date_gmt":"2023-01-26T09:37:29","guid":{"rendered":"https:\/\/hrengineeringsolution.co.mz\/?page_id=417"},"modified":"2023-01-28T09:35:05","modified_gmt":"2023-01-28T09:35:05","slug":"aquisicao-sustentavel","status":"publish","type":"page","link":"https:\/\/hrengineeringsolution.co.mz\/?page_id=417","title":{"rendered":"Aquisi\u00e7\u00e3o sustentavel"},"content":{"rendered":"\t\t<div data-elementor-type=\"wp-page\" data-elementor-id=\"417\" class=\"elementor elementor-417\">\n\t\t\t\t\t\t<section class=\"elementor-section elementor-top-section elementor-element elementor-element-9957eba elementor-section-boxed elementor-section-height-default elementor-section-height-default\" data-id=\"9957eba\" data-element_type=\"section\" data-e-type=\"section\">\n\t\t\t\t\t\t<div class=\"elementor-container elementor-column-gap-default\">\n\t\t\t\t\t<div class=\"elementor-column elementor-col-50 elementor-top-column elementor-element elementor-element-57cb94f\" data-id=\"57cb94f\" data-element_type=\"column\" data-e-type=\"column\">\n\t\t\t<div class=\"elementor-widget-wrap elementor-element-populated\">\n\t\t\t\t\t\t<div class=\"elementor-element elementor-element-b874175 elementor-widget elementor-widget-heading\" data-id=\"b874175\" data-element_type=\"widget\" data-e-type=\"widget\" data-widget_type=\"heading.default\">\n\t\t\t\t<div class=\"elementor-widget-container\">\n\t\t\t\t\t<h2 class=\"elementor-heading-title elementor-size-default\">Aquisi\u00e7\u00e3o sustentavel<\/h2>\t\t\t\t<\/div>\n\t\t\t\t<\/div>\n\t\t\t\t<div class=\"elementor-element elementor-element-255d6ec elementor-widget elementor-widget-image\" data-id=\"255d6ec\" data-element_type=\"widget\" data-e-type=\"widget\" data-widget_type=\"image.default\">\n\t\t\t\t<div class=\"elementor-widget-container\">\n\t\t\t\t\t\t\t\t\t\t\t\t\t\t\t<img fetchpriority=\"high\" decoding=\"async\" width=\"525\" height=\"349\" src=\"https:\/\/hrengineeringsolution.co.mz\/wp-content\/uploads\/2023\/01\/Diferenca-entre-ecologia-e-sustentabilidade-3.jpg\" class=\"attachment-large size-large wp-image-649\" alt=\"\" srcset=\"https:\/\/hrengineeringsolution.co.mz\/wp-content\/uploads\/2023\/01\/Diferenca-entre-ecologia-e-sustentabilidade-3.jpg 725w, https:\/\/hrengineeringsolution.co.mz\/wp-content\/uploads\/2023\/01\/Diferenca-entre-ecologia-e-sustentabilidade-3-300x199.jpg 300w\" sizes=\"(max-width: 525px) 100vw, 525px\" \/>\t\t\t\t\t\t\t\t\t\t\t\t\t\t\t<\/div>\n\t\t\t\t<\/div>\n\t\t\t\t\t<\/div>\n\t\t<\/div>\n\t\t\t\t<div class=\"elementor-column elementor-col-50 elementor-top-column elementor-element elementor-element-3e38bd8\" data-id=\"3e38bd8\" data-element_type=\"column\" data-e-type=\"column\">\n\t\t\t<div class=\"elementor-widget-wrap elementor-element-populated\">\n\t\t\t\t\t\t<div class=\"elementor-element elementor-element-84144b7 elementor-widget elementor-widget-text-editor\" data-id=\"84144b7\" data-element_type=\"widget\" data-e-type=\"widget\" data-widget_type=\"text-editor.default\">\n\t\t\t\t<div class=\"elementor-widget-container\">\n\t\t\t\t\t\t\t\t\t\n<p style=\"text-align: justify;\"><span style=\"color: #000000;\">A minimiza\u00e7\u00e3o do impacto ambiental, a sustentabilidade, a qualidade e o valor s\u00e3o os principais impulsionadores das solu\u00e7\u00f5es que concebemos, e tudo tem alta prioridade desde o in\u00edcio do processo de planejamento.<\/span><br \/><span style=\"color: #000000;\">N\u00f3s nos especializamos no fornecimento de produtos econ\u00f4micos, que s\u00e3o sustent\u00e1veis, dur\u00e1veis e oferecem o maior retorno do seu investimento.\u00a0<\/span><br \/><span style=\"color: #000000;\">Por meio de nossas abordagens inovadoras, proeza t\u00e9cnica e amplo conhecimento da cadeia de suprimentos, nosso principal objetivo \u00e9 maximizar seu ROI e fornecer a voc\u00ea a mais alta qualidade ao pre\u00e7o mais favor\u00e1vel.<\/span><br \/><span style=\"color: #000000;\">Fundamental para o nosso sucesso como fornecedor de compras sustent\u00e1veis \u00e9 nossa capacidade de equilibrar as necessidades humanit\u00e1rias e ambientais com o progresso econ\u00f4mico e o desenvolvimento comercial.<\/span><br \/><span style=\"color: #000000;\">Como uma corpora\u00e7\u00e3o respons\u00e1vel, estamos comprometidos em proteger o meio ambiente e as comunidades globais dentro dele, integrando os princ\u00edpios fundamentais do fornecimento de compras sustent\u00e1veis em todos os aspectos de nossos servi\u00e7os, cultura e pr\u00e1ticas.<\/span><\/p>\n\t\t\t\t\t\t\t\t<\/div>\n\t\t\t\t<\/div>\n\t\t\t\t\t<\/div>\n\t\t<\/div>\n\t\t\t\t\t<\/div>\n\t\t<\/section>\n\t\t\t\t<\/div>\n\t\t","protected":false},"excerpt":{"rendered":"<p>Aquisi\u00e7\u00e3o sustentavel A minimiza\u00e7\u00e3o do impacto ambiental, a sustentabilidade, a qualidade e o valor s\u00e3o os principais impulsionadores das solu\u00e7\u00f5es que concebemos, e tudo tem alta prioridade desde o in\u00edcio do processo de planejamento.N\u00f3s nos especializamos no fornecimento de produtos econ\u00f4micos, que s\u00e3o sustent\u00e1veis, dur\u00e1veis e oferecem o maior retorno do seu investimento.\u00a0Por meio de [&hellip;]<\/p>\n","protected":false},"author":1,"featured_media":0,"parent":0,"menu_order":0,"comment_status":"closed","ping_status":"closed","template":"elementor_header_footer","meta":{"footnotes":""},"class_list":["post-417","page","type-page","status-publish","hentry"],"yoast_head":"<!-- This site is optimized with the Yoast SEO plugin v20.0 - https:\/\/yoast.com\/wordpress\/plugins\/seo\/ -->\n<title>Aquisi\u00e7\u00e3o sustentavel -<\/title>\n<meta name=\"robots\" content=\"index, follow, max-snippet:-1, max-image-preview:large, max-video-preview:-1\" \/>\n<link rel=\"canonical\" href=\"https:\/\/hrengineeringsolution.co.mz\/?page_id=417\" \/>\n<meta property=\"og:locale\" content=\"pt_PT\" \/>\n<meta property=\"og:type\" content=\"article\" \/>\n<meta property=\"og:title\" content=\"Aquisi\u00e7\u00e3o sustentavel -\" \/>\n<meta property=\"og:description\" content=\"Aquisi\u00e7\u00e3o sustentavel A minimiza\u00e7\u00e3o do impacto ambiental, a sustentabilidade, a qualidade e o valor s\u00e3o os principais impulsionadores das solu\u00e7\u00f5es que concebemos, e tudo tem alta prioridade desde o in\u00edcio do processo de planejamento.N\u00f3s nos especializamos no fornecimento de produtos econ\u00f4micos, que s\u00e3o sustent\u00e1veis, dur\u00e1veis e oferecem o maior retorno do seu investimento.\u00a0Por meio de [&hellip;]\" \/>\n<meta property=\"og:url\" content=\"https:\/\/hrengineeringsolution.co.mz\/?page_id=417\" \/>\n<meta property=\"article:modified_time\" content=\"2023-01-28T09:35:05+00:00\" \/>\n<meta property=\"og:image\" content=\"https:\/\/hrengineeringsolution.co.mz\/wp-content\/uploads\/2023\/01\/Diferenca-entre-ecologia-e-sustentabilidade-3.jpg\" \/>\n<meta name=\"twitter:card\" content=\"summary_large_image\" \/>\n<meta name=\"twitter:label1\" content=\"Tempo estimado de leitura\" \/>\n\t<meta name=\"twitter:data1\" content=\"1 minuto\" \/>\n<script type=\"application\/ld+json\" class=\"yoast-schema-graph\">{\"@context\":\"https:\/\/schema.org\",\"@graph\":[{\"@type\":\"WebPage\",\"@id\":\"https:\/\/hrengineeringsolution.co.mz\/?page_id=417\",\"url\":\"https:\/\/hrengineeringsolution.co.mz\/?page_id=417\",\"name\":\"Aquisi\u00e7\u00e3o sustentavel -\",\"isPartOf\":{\"@id\":\"https:\/\/hrengineeringsolution.co.mz\/#website\"},\"datePublished\":\"2023-01-26T09:37:29+00:00\",\"dateModified\":\"2023-01-28T09:35:05+00:00\",\"breadcrumb\":{\"@id\":\"https:\/\/hrengineeringsolution.co.mz\/?page_id=417#breadcrumb\"},\"inLanguage\":\"pt-PT\",\"potentialAction\":[{\"@type\":\"ReadAction\",\"target\":[\"https:\/\/hrengineeringsolution.co.mz\/?page_id=417\"]}]},{\"@type\":\"BreadcrumbList\",\"@id\":\"https:\/\/hrengineeringsolution.co.mz\/?page_id=417#breadcrumb\",\"itemListElement\":[{\"@type\":\"ListItem\",\"position\":1,\"name\":\"In\u00edcio\",\"item\":\"https:\/\/hrengineeringsolution.co.mz\/\"},{\"@type\":\"ListItem\",\"position\":2,\"name\":\"Aquisi\u00e7\u00e3o sustentavel\"}]},{\"@type\":\"WebSite\",\"@id\":\"https:\/\/hrengineeringsolution.co.mz\/#website\",\"url\":\"https:\/\/hrengineeringsolution.co.mz\/\",\"name\":\"https:\/\/hrengineeringsolution.co.mz\",\"description\":\"\",\"publisher\":{\"@id\":\"https:\/\/hrengineeringsolution.co.mz\/#organization\"},\"potentialAction\":[{\"@type\":\"SearchAction\",\"target\":{\"@type\":\"EntryPoint\",\"urlTemplate\":\"https:\/\/hrengineeringsolution.co.mz\/?s={search_term_string}\"},\"query-input\":\"required name=search_term_string\"}],\"inLanguage\":\"pt-PT\"},{\"@type\":\"Organization\",\"@id\":\"https:\/\/hrengineeringsolution.co.mz\/#organization\",\"name\":\"HR Engineering\",\"url\":\"https:\/\/hrengineeringsolution.co.mz\/\",\"logo\":{\"@type\":\"ImageObject\",\"inLanguage\":\"pt-PT\",\"@id\":\"https:\/\/hrengineeringsolution.co.mz\/#\/schema\/logo\/image\/\",\"url\":\"https:\/\/hrengineeringsolution.co.mz\/wp-content\/uploads\/2023\/01\/logo-150-1.png\",\"contentUrl\":\"https:\/\/hrengineeringsolution.co.mz\/wp-content\/uploads\/2023\/01\/logo-150-1.png\",\"width\":150,\"height\":150,\"caption\":\"HR Engineering\"},\"image\":{\"@id\":\"https:\/\/hrengineeringsolution.co.mz\/#\/schema\/logo\/image\/\"}}]}<\/script>\n<!-- \/ Yoast SEO plugin. -->","yoast_head_json":{"title":"Aquisi\u00e7\u00e3o sustentavel -","robots":{"index":"index","follow":"follow","max-snippet":"max-snippet:-1","max-image-preview":"max-image-preview:large","max-video-preview":"max-video-preview:-1"},"canonical":"https:\/\/hrengineeringsolution.co.mz\/?page_id=417","og_locale":"pt_PT","og_type":"article","og_title":"Aquisi\u00e7\u00e3o sustentavel -","og_description":"Aquisi\u00e7\u00e3o sustentavel A minimiza\u00e7\u00e3o do impacto ambiental, a sustentabilidade, a qualidade e o valor s\u00e3o os principais impulsionadores das solu\u00e7\u00f5es que concebemos, e tudo tem alta prioridade desde o in\u00edcio do processo de planejamento.N\u00f3s nos especializamos no fornecimento de produtos econ\u00f4micos, que s\u00e3o sustent\u00e1veis, dur\u00e1veis e oferecem o maior retorno do seu investimento.\u00a0Por meio de [&hellip;]","og_url":"https:\/\/hrengineeringsolution.co.mz\/?page_id=417","article_modified_time":"2023-01-28T09:35:05+00:00","og_image":[{"url":"https:\/\/hrengineeringsolution.co.mz\/wp-content\/uploads\/2023\/01\/Diferenca-entre-ecologia-e-sustentabilidade-3.jpg"}],"twitter_card":"summary_large_image","twitter_misc":{"Tempo estimado de leitura":"1 minuto"},"schema":{"@context":"https:\/\/schema.org","@graph":[{"@type":"WebPage","@id":"https:\/\/hrengineeringsolution.co.mz\/?page_id=417","url":"https:\/\/hrengineeringsolution.co.mz\/?page_id=417","name":"Aquisi\u00e7\u00e3o sustentavel -","isPartOf":{"@id":"https:\/\/hrengineeringsolution.co.mz\/#website"},"datePublished":"2023-01-26T09:37:29+00:00","dateModified":"2023-01-28T09:35:05+00:00","breadcrumb":{"@id":"https:\/\/hrengineeringsolution.co.mz\/?page_id=417#breadcrumb"},"inLanguage":"pt-PT","potentialAction":[{"@type":"ReadAction","target":["https:\/\/hrengineeringsolution.co.mz\/?page_id=417"]}]},{"@type":"BreadcrumbList","@id":"https:\/\/hrengineeringsolution.co.mz\/?page_id=417#breadcrumb","itemListElement":[{"@type":"ListItem","position":1,"name":"In\u00edcio","item":"https:\/\/hrengineeringsolution.co.mz\/"},{"@type":"ListItem","position":2,"name":"Aquisi\u00e7\u00e3o sustentavel"}]},{"@type":"WebSite","@id":"https:\/\/hrengineeringsolution.co.mz\/#website","url":"https:\/\/hrengineeringsolution.co.mz\/","name":"https:\/\/hrengineeringsolution.co.mz","description":"","publisher":{"@id":"https:\/\/hrengineeringsolution.co.mz\/#organization"},"potentialAction":[{"@type":"SearchAction","target":{"@type":"EntryPoint","urlTemplate":"https:\/\/hrengineeringsolution.co.mz\/?s={search_term_string}"},"query-input":"required name=search_term_string"}],"inLanguage":"pt-PT"},{"@type":"Organization","@id":"https:\/\/hrengineeringsolution.co.mz\/#organization","name":"HR Engineering","url":"https:\/\/hrengineeringsolution.co.mz\/","logo":{"@type":"ImageObject","inLanguage":"pt-PT","@id":"https:\/\/hrengineeringsolution.co.mz\/#\/schema\/logo\/image\/","url":"https:\/\/hrengineeringsolution.co.mz\/wp-content\/uploads\/2023\/01\/logo-150-1.png","contentUrl":"https:\/\/hrengineeringsolution.co.mz\/wp-content\/uploads\/2023\/01\/logo-150-1.png","width":150,"height":150,"caption":"HR Engineering"},"image":{"@id":"https:\/\/hrengineeringsolution.co.mz\/#\/schema\/logo\/image\/"}}]}},"_links":{"self":[{"href":"https:\/\/hrengineeringsolution.co.mz\/index.php?rest_route=\/wp\/v2\/pages\/417","targetHints":{"allow":["GET"]}}],"collection":[{"href":"https:\/\/hrengineeringsolution.co.mz\/index.php?rest_route=\/wp\/v2\/pages"}],"about":[{"href":"https:\/\/hrengineeringsolution.co.mz\/index.php?rest_route=\/wp\/v2\/types\/page"}],"author":[{"embeddable":true,"href":"https:\/\/hrengineeringsolution.co.mz\/index.php?rest_route=\/wp\/v2\/users\/1"}],"replies":[{"embeddable":true,"href":"https:\/\/hrengineeringsolution.co.mz\/index.php?rest_route=%2Fwp%2Fv2%2Fcomments&post=417"}],"version-history":[{"count":0,"href":"https:\/\/hrengineeringsolution.co.mz\/index.php?rest_route=\/wp\/v2\/pages\/417\/revisions"}],"wp:attachment":[{"href":"https:\/\/hrengineeringsolution.co.mz\/index.php?rest_route=%2Fwp%2Fv2%2Fmedia&parent=417"}],"curies":[{"name":"wp","href":"https:\/\/api.w.org\/{rel}","templated":true}]}}