{"id":410,"date":"2023-01-26T09:35:07","date_gmt":"2023-01-26T09:35:07","guid":{"rendered":"https:\/\/hrengineeringsolution.co.mz\/?page_id=410"},"modified":"2023-01-28T09:40:33","modified_gmt":"2023-01-28T09:40:33","slug":"politica-ambiental","status":"publish","type":"page","link":"https:\/\/hrengineeringsolution.co.mz\/?page_id=410","title":{"rendered":"Politica Ambiental"},"content":{"rendered":"\t\t<div data-elementor-type=\"wp-page\" data-elementor-id=\"410\" class=\"elementor elementor-410\">\n\t\t\t\t\t\t<section class=\"elementor-section elementor-top-section elementor-element elementor-element-f034dd8 elementor-section-boxed elementor-section-height-default elementor-section-height-default\" data-id=\"f034dd8\" data-element_type=\"section\" data-e-type=\"section\">\n\t\t\t\t\t\t<div class=\"elementor-container elementor-column-gap-default\">\n\t\t\t\t\t<div class=\"elementor-column elementor-col-50 elementor-top-column elementor-element elementor-element-d016724\" data-id=\"d016724\" data-element_type=\"column\" data-e-type=\"column\">\n\t\t\t<div class=\"elementor-widget-wrap elementor-element-populated\">\n\t\t\t\t\t\t<div class=\"elementor-element elementor-element-cb4a86b elementor-widget elementor-widget-heading\" data-id=\"cb4a86b\" data-element_type=\"widget\" data-e-type=\"widget\" data-widget_type=\"heading.default\">\n\t\t\t\t<div class=\"elementor-widget-container\">\n\t\t\t\t\t<h2 class=\"elementor-heading-title elementor-size-default\">Politica ambiental<\/h2>\t\t\t\t<\/div>\n\t\t\t\t<\/div>\n\t\t\t\t<div class=\"elementor-element elementor-element-f6082eb elementor-widget elementor-widget-image\" data-id=\"f6082eb\" data-element_type=\"widget\" data-e-type=\"widget\" data-widget_type=\"image.default\">\n\t\t\t\t<div class=\"elementor-widget-container\">\n\t\t\t\t\t\t\t\t\t\t\t\t\t\t\t<img fetchpriority=\"high\" decoding=\"async\" width=\"525\" height=\"350\" src=\"https:\/\/hrengineeringsolution.co.mz\/wp-content\/uploads\/2023\/01\/Politica-Ambiental.jpg\" class=\"attachment-large size-large wp-image-662\" alt=\"\" srcset=\"https:\/\/hrengineeringsolution.co.mz\/wp-content\/uploads\/2023\/01\/Politica-Ambiental.jpg 749w, https:\/\/hrengineeringsolution.co.mz\/wp-content\/uploads\/2023\/01\/Politica-Ambiental-300x200.jpg 300w\" sizes=\"(max-width: 525px) 100vw, 525px\" \/>\t\t\t\t\t\t\t\t\t\t\t\t\t\t\t<\/div>\n\t\t\t\t<\/div>\n\t\t\t\t\t<\/div>\n\t\t<\/div>\n\t\t\t\t<div class=\"elementor-column elementor-col-50 elementor-top-column elementor-element elementor-element-455a7a3\" data-id=\"455a7a3\" data-element_type=\"column\" data-e-type=\"column\">\n\t\t\t<div class=\"elementor-widget-wrap elementor-element-populated\">\n\t\t\t\t\t\t<div class=\"elementor-element elementor-element-09eb0e1 elementor-widget elementor-widget-text-editor\" data-id=\"09eb0e1\" data-element_type=\"widget\" data-e-type=\"widget\" data-widget_type=\"text-editor.default\">\n\t\t\t\t<div class=\"elementor-widget-container\">\n\t\t\t\t\t\t\t\t\t\n<p style=\"text-align: justify;\">Na HR Engineering estamos inteiramente empenhados em salvaguardar da melhor forma poss\u00edvel todos os aspectos do ambiente que possam ser afectados por quaisquer actividades que empreendamos, e promover pelo exemplo e instru\u00e7\u00e3o uma atitude positiva em rela\u00e7\u00e3o ao cumprimento das suas obriga\u00e7\u00f5es legais em mat\u00e9ria de ambiente importa, mas encorajar\u00e1 atitudes proativas na antecipa\u00e7\u00e3o de problemas e na busca e ado\u00e7\u00e3o das melhores solu\u00e7\u00f5es sempre que poss\u00edvel.\u00a0<br \/>A HR Engineering opera em v\u00e1rios campos, cada um com seus pr\u00f3prios riscos e oportunidades ambientais.<br \/>A consci\u00eancia imaginativa e vigilante desses fatores deve ser desenvolvida por todos os gestores, que garantir\u00e3o que a avalia\u00e7\u00e3o dos riscos ambientais particulares inerentes \u00e0s suas \u00e1reas de trabalho sejam priorizadas em seu planejamento de curto e longo prazo.<br \/>A prote\u00e7\u00e3o do nosso meio ambiente \u00e9 responsabilidade de todos em toda a empresa. A import\u00e2ncia desta declara\u00e7\u00e3o de pol\u00edtica ser\u00e1 enfatizada a todos os funcion\u00e1rios, enquanto todos os subcontratados ser\u00e3o obrigados a confirmar sua conformidade.<\/p>\n\t\t\t\t\t\t\t\t<\/div>\n\t\t\t\t<\/div>\n\t\t\t\t\t<\/div>\n\t\t<\/div>\n\t\t\t\t\t<\/div>\n\t\t<\/section>\n\t\t\t\t<\/div>\n\t\t","protected":false},"excerpt":{"rendered":"<p>Politica ambiental Na HR Engineering estamos inteiramente empenhados em salvaguardar da melhor forma poss\u00edvel todos os aspectos do ambiente que possam ser afectados por quaisquer actividades que empreendamos, e promover pelo exemplo e instru\u00e7\u00e3o uma atitude positiva em rela\u00e7\u00e3o ao cumprimento das suas obriga\u00e7\u00f5es legais em mat\u00e9ria de ambiente importa, mas encorajar\u00e1 atitudes proativas na [&hellip;]<\/p>\n","protected":false},"author":1,"featured_media":0,"parent":0,"menu_order":0,"comment_status":"closed","ping_status":"closed","template":"elementor_header_footer","meta":{"footnotes":""},"class_list":["post-410","page","type-page","status-publish","hentry"],"yoast_head":"<!-- This site is optimized with the Yoast SEO plugin v20.0 - https:\/\/yoast.com\/wordpress\/plugins\/seo\/ -->\n<title>Politica Ambiental -<\/title>\n<meta name=\"robots\" content=\"index, follow, max-snippet:-1, max-image-preview:large, max-video-preview:-1\" \/>\n<link rel=\"canonical\" href=\"https:\/\/hrengineeringsolution.co.mz\/?page_id=410\" \/>\n<meta property=\"og:locale\" content=\"pt_PT\" \/>\n<meta property=\"og:type\" content=\"article\" \/>\n<meta property=\"og:title\" content=\"Politica Ambiental -\" \/>\n<meta property=\"og:description\" content=\"Politica ambiental Na HR Engineering estamos inteiramente empenhados em salvaguardar da melhor forma poss\u00edvel todos os aspectos do ambiente que possam ser afectados por quaisquer actividades que empreendamos, e promover pelo exemplo e instru\u00e7\u00e3o uma atitude positiva em rela\u00e7\u00e3o ao cumprimento das suas obriga\u00e7\u00f5es legais em mat\u00e9ria de ambiente importa, mas encorajar\u00e1 atitudes proativas na [&hellip;]\" \/>\n<meta property=\"og:url\" content=\"https:\/\/hrengineeringsolution.co.mz\/?page_id=410\" \/>\n<meta property=\"article:modified_time\" content=\"2023-01-28T09:40:33+00:00\" \/>\n<meta property=\"og:image\" content=\"https:\/\/hrengineeringsolution.co.mz\/wp-content\/uploads\/2023\/01\/Politica-Ambiental.jpg\" \/>\n<meta name=\"twitter:card\" content=\"summary_large_image\" \/>\n<meta name=\"twitter:label1\" content=\"Tempo estimado de leitura\" \/>\n\t<meta name=\"twitter:data1\" content=\"1 minuto\" \/>\n<script type=\"application\/ld+json\" class=\"yoast-schema-graph\">{\"@context\":\"https:\/\/schema.org\",\"@graph\":[{\"@type\":\"WebPage\",\"@id\":\"https:\/\/hrengineeringsolution.co.mz\/?page_id=410\",\"url\":\"https:\/\/hrengineeringsolution.co.mz\/?page_id=410\",\"name\":\"Politica Ambiental -\",\"isPartOf\":{\"@id\":\"https:\/\/hrengineeringsolution.co.mz\/#website\"},\"datePublished\":\"2023-01-26T09:35:07+00:00\",\"dateModified\":\"2023-01-28T09:40:33+00:00\",\"breadcrumb\":{\"@id\":\"https:\/\/hrengineeringsolution.co.mz\/?page_id=410#breadcrumb\"},\"inLanguage\":\"pt-PT\",\"potentialAction\":[{\"@type\":\"ReadAction\",\"target\":[\"https:\/\/hrengineeringsolution.co.mz\/?page_id=410\"]}]},{\"@type\":\"BreadcrumbList\",\"@id\":\"https:\/\/hrengineeringsolution.co.mz\/?page_id=410#breadcrumb\",\"itemListElement\":[{\"@type\":\"ListItem\",\"position\":1,\"name\":\"In\u00edcio\",\"item\":\"https:\/\/hrengineeringsolution.co.mz\/\"},{\"@type\":\"ListItem\",\"position\":2,\"name\":\"Politica Ambiental\"}]},{\"@type\":\"WebSite\",\"@id\":\"https:\/\/hrengineeringsolution.co.mz\/#website\",\"url\":\"https:\/\/hrengineeringsolution.co.mz\/\",\"name\":\"https:\/\/hrengineeringsolution.co.mz\",\"description\":\"\",\"publisher\":{\"@id\":\"https:\/\/hrengineeringsolution.co.mz\/#organization\"},\"potentialAction\":[{\"@type\":\"SearchAction\",\"target\":{\"@type\":\"EntryPoint\",\"urlTemplate\":\"https:\/\/hrengineeringsolution.co.mz\/?s={search_term_string}\"},\"query-input\":\"required name=search_term_string\"}],\"inLanguage\":\"pt-PT\"},{\"@type\":\"Organization\",\"@id\":\"https:\/\/hrengineeringsolution.co.mz\/#organization\",\"name\":\"HR Engineering\",\"url\":\"https:\/\/hrengineeringsolution.co.mz\/\",\"logo\":{\"@type\":\"ImageObject\",\"inLanguage\":\"pt-PT\",\"@id\":\"https:\/\/hrengineeringsolution.co.mz\/#\/schema\/logo\/image\/\",\"url\":\"https:\/\/hrengineeringsolution.co.mz\/wp-content\/uploads\/2023\/01\/logo-150-1.png\",\"contentUrl\":\"https:\/\/hrengineeringsolution.co.mz\/wp-content\/uploads\/2023\/01\/logo-150-1.png\",\"width\":150,\"height\":150,\"caption\":\"HR Engineering\"},\"image\":{\"@id\":\"https:\/\/hrengineeringsolution.co.mz\/#\/schema\/logo\/image\/\"}}]}<\/script>\n<!-- \/ Yoast SEO plugin. -->","yoast_head_json":{"title":"Politica Ambiental -","robots":{"index":"index","follow":"follow","max-snippet":"max-snippet:-1","max-image-preview":"max-image-preview:large","max-video-preview":"max-video-preview:-1"},"canonical":"https:\/\/hrengineeringsolution.co.mz\/?page_id=410","og_locale":"pt_PT","og_type":"article","og_title":"Politica Ambiental -","og_description":"Politica ambiental Na HR Engineering estamos inteiramente empenhados em salvaguardar da melhor forma poss\u00edvel todos os aspectos do ambiente que possam ser afectados por quaisquer actividades que empreendamos, e promover pelo exemplo e instru\u00e7\u00e3o uma atitude positiva em rela\u00e7\u00e3o ao cumprimento das suas obriga\u00e7\u00f5es legais em mat\u00e9ria de ambiente importa, mas encorajar\u00e1 atitudes proativas na [&hellip;]","og_url":"https:\/\/hrengineeringsolution.co.mz\/?page_id=410","article_modified_time":"2023-01-28T09:40:33+00:00","og_image":[{"url":"https:\/\/hrengineeringsolution.co.mz\/wp-content\/uploads\/2023\/01\/Politica-Ambiental.jpg"}],"twitter_card":"summary_large_image","twitter_misc":{"Tempo estimado de leitura":"1 minuto"},"schema":{"@context":"https:\/\/schema.org","@graph":[{"@type":"WebPage","@id":"https:\/\/hrengineeringsolution.co.mz\/?page_id=410","url":"https:\/\/hrengineeringsolution.co.mz\/?page_id=410","name":"Politica Ambiental -","isPartOf":{"@id":"https:\/\/hrengineeringsolution.co.mz\/#website"},"datePublished":"2023-01-26T09:35:07+00:00","dateModified":"2023-01-28T09:40:33+00:00","breadcrumb":{"@id":"https:\/\/hrengineeringsolution.co.mz\/?page_id=410#breadcrumb"},"inLanguage":"pt-PT","potentialAction":[{"@type":"ReadAction","target":["https:\/\/hrengineeringsolution.co.mz\/?page_id=410"]}]},{"@type":"BreadcrumbList","@id":"https:\/\/hrengineeringsolution.co.mz\/?page_id=410#breadcrumb","itemListElement":[{"@type":"ListItem","position":1,"name":"In\u00edcio","item":"https:\/\/hrengineeringsolution.co.mz\/"},{"@type":"ListItem","position":2,"name":"Politica Ambiental"}]},{"@type":"WebSite","@id":"https:\/\/hrengineeringsolution.co.mz\/#website","url":"https:\/\/hrengineeringsolution.co.mz\/","name":"https:\/\/hrengineeringsolution.co.mz","description":"","publisher":{"@id":"https:\/\/hrengineeringsolution.co.mz\/#organization"},"potentialAction":[{"@type":"SearchAction","target":{"@type":"EntryPoint","urlTemplate":"https:\/\/hrengineeringsolution.co.mz\/?s={search_term_string}"},"query-input":"required name=search_term_string"}],"inLanguage":"pt-PT"},{"@type":"Organization","@id":"https:\/\/hrengineeringsolution.co.mz\/#organization","name":"HR Engineering","url":"https:\/\/hrengineeringsolution.co.mz\/","logo":{"@type":"ImageObject","inLanguage":"pt-PT","@id":"https:\/\/hrengineeringsolution.co.mz\/#\/schema\/logo\/image\/","url":"https:\/\/hrengineeringsolution.co.mz\/wp-content\/uploads\/2023\/01\/logo-150-1.png","contentUrl":"https:\/\/hrengineeringsolution.co.mz\/wp-content\/uploads\/2023\/01\/logo-150-1.png","width":150,"height":150,"caption":"HR Engineering"},"image":{"@id":"https:\/\/hrengineeringsolution.co.mz\/#\/schema\/logo\/image\/"}}]}},"_links":{"self":[{"href":"https:\/\/hrengineeringsolution.co.mz\/index.php?rest_route=\/wp\/v2\/pages\/410","targetHints":{"allow":["GET"]}}],"collection":[{"href":"https:\/\/hrengineeringsolution.co.mz\/index.php?rest_route=\/wp\/v2\/pages"}],"about":[{"href":"https:\/\/hrengineeringsolution.co.mz\/index.php?rest_route=\/wp\/v2\/types\/page"}],"author":[{"embeddable":true,"href":"https:\/\/hrengineeringsolution.co.mz\/index.php?rest_route=\/wp\/v2\/users\/1"}],"replies":[{"embeddable":true,"href":"https:\/\/hrengineeringsolution.co.mz\/index.php?rest_route=%2Fwp%2Fv2%2Fcomments&post=410"}],"version-history":[{"count":0,"href":"https:\/\/hrengineeringsolution.co.mz\/index.php?rest_route=\/wp\/v2\/pages\/410\/revisions"}],"wp:attachment":[{"href":"https:\/\/hrengineeringsolution.co.mz\/index.php?rest_route=%2Fwp%2Fv2%2Fmedia&parent=410"}],"curies":[{"name":"wp","href":"https:\/\/api.w.org\/{rel}","templated":true}]}}